{"id":16140,"date":"2026-04-21T09:39:52","date_gmt":"2026-04-21T09:39:52","guid":{"rendered":"http:\/\/localhost\/chuyencuasach\/?page_id=16140"},"modified":"2026-04-23T15:31:08","modified_gmt":"2026-04-23T15:31:08","slug":"topposts","status":"publish","type":"page","link":"https:\/\/vibeshelf.me\/?page_id=16140","title":{"rendered":""},"content":{"rendered":"\n    <div class=\"gb-guestblogs-wrapper\">\n\t\t<h2 class=\"gb-section-title\">Vibe Blogs<\/h2>\n        \n            \n            <article class=\"gb-guestblogs-item\">\n\n                <div class=\"gb-guestblogs-col-image\">\n                    <a href=\"https:\/\/vibeshelf.me\/?p=15916\">\n                                                                                                <\/a>\n                <\/div>\n\n                <div class=\"gb-guestblogs-col-content\">\n                    <h2 class=\"gb-post-title\">\n                        <a href=\"https:\/\/vibeshelf.me\/?p=15916\">15 \u0110I\u1ec0U GI\u00daP B\u1ea0N M\u1ea0NH M\u1ebc \u0110\u1ee8NG L\u00caN M\u00c0 C\u1ed0 G\u1eaeNG TI\u1ebeP<\/a>\n                    <\/h2>\n\n                    <div class=\"gb-post-excerpt\">\n                        R\u1ed3i \u0111\u1ebfn m\u1ed9t l\u00fac n\u00e0o \u0111\u00f3, ch\u00fang ta s\u1ebd nh\u1eadn ra r\u1eb1ng m\u00ecnh \u0111\u00e3 s\u1ed1ng v\u00ec \u0111\u00e1m \u0111\u00f4ng qu\u00e1 nhi\u1ec1u. \u0110i Paris th\u00ec ph\u1ea3i \u0111\u1ebfn Eiffel, tr\u1eddi m\u01b0a th\u00ec ph\u1ea3i u\u1ed1ng cafe \u1ea5m, tu\u1ed5i 20 l\u00e0 ph\u1ea3i bay nh\u1ea3y, tu\u1ed5i 25 l\u00e0 ph\u1ea3i th\u00e0nh c\u00f4ng                    <\/div>\n\n                    <div class=\"gb-post-meta-row\">\n                        <div class=\"gb-post-author\"><span class=\"author-icon\"><\/span>The VibeShelf<\/div>\n\n                        <div class=\"gb-post-share\">\n                                                        <a class=\"gb-btn-fb\" href=\"https:\/\/www.facebook.com\/sharer\/sharer.php?u=https%3A%2F%2Fvibeshelf.me%2F%3Fp%3D15916\" target=\"_blank\">\n                                <span class=\"gb-icon-fb\">f<\/span> Share\n                            <\/a>\n                            <a class=\"gb-btn-li\" href=\"https:\/\/www.linkedin.com\/sharing\/share-offsite\/?url=https%3A%2F%2Fvibeshelf.me%2F%3Fp%3D15916\" target=\"_blank\">\n                                <span class=\"gb-icon-li\">in<\/span> Share\n                            <\/a>\n                        <\/div>\n                    <\/div>\n                <\/div>\n\n            <\/article>\n        \n            \n            <article class=\"gb-guestblogs-item\">\n\n                <div class=\"gb-guestblogs-col-image\">\n                    <a href=\"https:\/\/vibeshelf.me\/?p=15914\">\n                                            <\/a>\n                <\/div>\n\n                <div class=\"gb-guestblogs-col-content\">\n                    <h2 class=\"gb-post-title\">\n                        <a href=\"https:\/\/vibeshelf.me\/?p=15914\">13 C\u00c2U N\u00d3I B\u1ea4T H\u1ee6 C\u1ee6A NG\u01af\u1edcI DO TH\u00c1I GI\u00daP B\u1ea0N L\u00c0M CH\u1ee6 CU\u1ed8C S\u1ed0NG<\/a>\n                    <\/h2>\n\n                    <div class=\"gb-post-excerpt\">\n                        1. Th\u1eddi gian t\u1ed1t nh\u1ea5t \u0111\u1ec3 tr\u1ed3ng c\u00e2y l\u00e0 v\u00e0o 20 n\u0103m tr\u01b0\u1edbc. Th\u1eddi gian t\u1ed1t th\u1ee9 hai l\u00e0 ngay b\u00e2y gi\u1edd. 2. B\u1ea1n b\u00e8 th\u1eadt s\u1ef1 th\u00ec kh\u00f4ng ch\u1ec9 c\u00f9ng nhau n\u00f3i chuy\u1ec7n qu\u00ean th\u1eddi gian, m\u00e0 ngay \u0111\u1ebfn l\u00fac kh\u00f4ng n\u00f3i l\u1eddi n\u00e0o c\u0169ng kh\u00f4ng c\u1ea3m th\u1ea5y ng\u1ea1i ng\u00f9ng. 3. N\u1ebfu b\u1ea1n th\u1ef1c [&hellip;]                    <\/div>\n\n                    <div class=\"gb-post-meta-row\">\n                        <div class=\"gb-post-author\"><span class=\"author-icon\"><\/span>The VibeShelf<\/div>\n\n                        <div class=\"gb-post-share\">\n                                                        <a class=\"gb-btn-fb\" href=\"https:\/\/www.facebook.com\/sharer\/sharer.php?u=https%3A%2F%2Fvibeshelf.me%2F%3Fp%3D15914\" target=\"_blank\">\n                                <span class=\"gb-icon-fb\">f<\/span> Share\n                            <\/a>\n                            <a class=\"gb-btn-li\" href=\"https:\/\/www.linkedin.com\/sharing\/share-offsite\/?url=https%3A%2F%2Fvibeshelf.me%2F%3Fp%3D15914\" target=\"_blank\">\n                                <span class=\"gb-icon-li\">in<\/span> Share\n                            <\/a>\n                        <\/div>\n                    <\/div>\n                <\/div>\n\n            <\/article>\n        \n            \n            <article class=\"gb-guestblogs-item\">\n\n                <div class=\"gb-guestblogs-col-image\">\n                    <a href=\"https:\/\/vibeshelf.me\/?p=15921\">\n                                            <\/a>\n                <\/div>\n\n                <div class=\"gb-guestblogs-col-content\">\n                    <h2 class=\"gb-post-title\">\n                        <a href=\"https:\/\/vibeshelf.me\/?p=15921\">7 M\u1eb8O &#8220;L\u00c0M VI\u1ec6C&#8221; V\u1edaI TI\u1ec0N \u0110\u1ec8NH CAO C\u1ee6A T\u1ef6 PH\u00da WARREN BUFFETT<\/a>\n                    <\/h2>\n\n                    <div class=\"gb-post-excerpt\">\n                        \u0110\u1ebfn nay, Warren Buffett v\u1eabn l\u00e0 m\u1ed9t trong nh\u1eefng nh\u00e0 \u0111\u1ea7u t\u01b0 n\u1ed5i ti\u1ebfng v\u00e0 \u0111\u01b0\u1ee3c k\u00ednh tr\u1ecdng nh\u1ea5t m\u1ecdi th\u1eddi \u0111\u1ea1i. \u00d4ng lu\u00f4n \u0111\u01b0a ra nh\u1eefng l\u1eddi khuy\u00ean b\u1ed5 \u00edch v\u1ec1 ngh\u1ec7 thu\u1eadt \u0111\u1ea7u t\u01b0, kinh doanh. Mu\u1ed1n b\u01b0\u1edbc l\u00ean \u0111\u1ec9nh n\u00fai, hay \u0111i theo d\u1ea5u ch\u00e2n c\u1ee7a nh\u1eefng ng\u01b0\u1eddi th\u00e0nh c\u00f4ng tr\u01b0\u1edbc \u0111\u00f3. [&hellip;]                    <\/div>\n\n                    <div class=\"gb-post-meta-row\">\n                        <div class=\"gb-post-author\"><span class=\"author-icon\"><\/span>The VibeShelf<\/div>\n\n                        <div class=\"gb-post-share\">\n                                                        <a class=\"gb-btn-fb\" href=\"https:\/\/www.facebook.com\/sharer\/sharer.php?u=https%3A%2F%2Fvibeshelf.me%2F%3Fp%3D15921\" target=\"_blank\">\n                                <span class=\"gb-icon-fb\">f<\/span> Share\n                            <\/a>\n                            <a class=\"gb-btn-li\" href=\"https:\/\/www.linkedin.com\/sharing\/share-offsite\/?url=https%3A%2F%2Fvibeshelf.me%2F%3Fp%3D15921\" target=\"_blank\">\n                                <span class=\"gb-icon-li\">in<\/span> Share\n                            <\/a>\n                        <\/div>\n                    <\/div>\n                <\/div>\n\n            <\/article>\n        \n            \n            <article class=\"gb-guestblogs-item\">\n\n                <div class=\"gb-guestblogs-col-image\">\n                    <a href=\"https:\/\/vibeshelf.me\/?p=15919\">\n                                            <\/a>\n                <\/div>\n\n                <div class=\"gb-guestblogs-col-content\">\n                    <h2 class=\"gb-post-title\">\n                        <a href=\"https:\/\/vibeshelf.me\/?p=15919\">7 PH\u01af\u01a0NG PH\u00c1P GI\u00daP B\u1ea0N TR\u1ede N\u00caN TH\u00d4NG TH\u00c1I H\u01a0N TRONG N\u0102M 2024<\/a>\n                    <\/h2>\n\n                    <div class=\"gb-post-excerpt\">\n                        1. \u0110\u1ecdc s\u00e1ch v\u00e0 chi\u00eam nghi\u1ec7m nhi\u1ec1u h\u01a1n \u0110\u1ecdc s\u00e1ch l\u00e0 kho\u1ea3n \u0111\u1ea7u t\u01b0 c\u00f3 l\u00e3i nh\u1ea5t c\u1ee7a \u0111\u1eddi ng\u01b0\u1eddi. S\u00e1ch ch\u00ednh l\u00e0 ngu\u1ed3n s\u00e1ng soi t\u1ecf con \u0111\u01b0\u1eddng \u0111i c\u1ee7a nh\u1eefng ng\u01b0\u1eddi th\u00e0nh c\u00f4ng. H\u00e3y nh\u00ecn xem, nh\u1eefng v\u1ecb t\u1ef7 ph\u00fa h\u00e0ng \u0111\u1ea7u th\u1ebf gi\u1edbi \u0111a s\u1ed1 \u0111\u1ec1u l\u00e0 nh\u1eefng ng\u01b0\u1eddi m\u00ea \u0111\u1ecdc s\u00e1ch [&hellip;]                    <\/div>\n\n                    <div class=\"gb-post-meta-row\">\n                        <div class=\"gb-post-author\"><span class=\"author-icon\"><\/span>The VibeShelf<\/div>\n\n                        <div class=\"gb-post-share\">\n                                                        <a class=\"gb-btn-fb\" href=\"https:\/\/www.facebook.com\/sharer\/sharer.php?u=https%3A%2F%2Fvibeshelf.me%2F%3Fp%3D15919\" target=\"_blank\">\n                                <span class=\"gb-icon-fb\">f<\/span> Share\n                            <\/a>\n                            <a class=\"gb-btn-li\" href=\"https:\/\/www.linkedin.com\/sharing\/share-offsite\/?url=https%3A%2F%2Fvibeshelf.me%2F%3Fp%3D15919\" target=\"_blank\">\n                                <span class=\"gb-icon-li\">in<\/span> Share\n                            <\/a>\n                        <\/div>\n                    <\/div>\n                <\/div>\n\n            <\/article>\n        \n            \n            <article class=\"gb-guestblogs-item\">\n\n                <div class=\"gb-guestblogs-col-image\">\n                    <a href=\"https:\/\/vibeshelf.me\/?p=15912\">\n                                            <\/a>\n                <\/div>\n\n                <div class=\"gb-guestblogs-col-content\">\n                    <h2 class=\"gb-post-title\">\n                        <a href=\"https:\/\/vibeshelf.me\/?p=15912\">11 C\u00c2U N\u00d3I HAY B\u1ea0N N\u00caN \u0110\u1eccC \u00cdT NH\u1ea4T M\u1ed8T L\u1ea6N<\/a>\n                    <\/h2>\n\n                    <div class=\"gb-post-excerpt\">\n                        1. H\u00e3y s\u1ed1ng m\u1ed9t cu\u1ed9c \u0111\u1eddi tuy\u1ec7t v\u1eddi, \u0111\u1ec3 khi b\u1ea1n sinh ra, b\u1ea1n kh\u00f3c m\u1ecdi ng\u01b0\u1eddi xung quanh c\u01b0\u1eddi, v\u00e0 khi b\u1ea1n m\u1ea5t \u0111i m\u1ecdi ng\u01b0\u1eddi xung quanh kh\u00f3c, b\u1ea1n l\u1ea1i c\u01b0\u1eddi. 2. \u0110\u1eebng ph\u00ed th\u1eddi gian v\u1edbi nh\u1eefng ng\u01b0\u1eddi kh\u00f4ng bi\u1ebft t\u00f4n tr\u1ecdng b\u1ea1n ho\u1eb7c kh\u00f4ng ph\u00f9 h\u1ee3p v\u1edbi b\u1ea1n. 3. S\u1ef1 th\u1eb3ng [&hellip;]                    <\/div>\n\n                    <div class=\"gb-post-meta-row\">\n                        <div class=\"gb-post-author\"><span class=\"author-icon\"><\/span>The VibeShelf<\/div>\n\n                        <div class=\"gb-post-share\">\n                                                        <a class=\"gb-btn-fb\" href=\"https:\/\/www.facebook.com\/sharer\/sharer.php?u=https%3A%2F%2Fvibeshelf.me%2F%3Fp%3D15912\" target=\"_blank\">\n                                <span class=\"gb-icon-fb\">f<\/span> Share\n                            <\/a>\n                            <a class=\"gb-btn-li\" href=\"https:\/\/www.linkedin.com\/sharing\/share-offsite\/?url=https%3A%2F%2Fvibeshelf.me%2F%3Fp%3D15912\" target=\"_blank\">\n                                <span class=\"gb-icon-li\">in<\/span> Share\n                            <\/a>\n                        <\/div>\n                    <\/div>\n                <\/div>\n\n            <\/article>\n        \n            \n            <article class=\"gb-guestblogs-item\">\n\n                <div class=\"gb-guestblogs-col-image\">\n                    <a href=\"https:\/\/vibeshelf.me\/?p=15908\">\n                                            <\/a>\n                <\/div>\n\n                <div class=\"gb-guestblogs-col-content\">\n                    <h2 class=\"gb-post-title\">\n                        <a href=\"https:\/\/vibeshelf.me\/?p=15908\">G\u1eecI B\u1ea2N TH\u00c2N&#8230;<\/a>\n                    <\/h2>\n\n                    <div class=\"gb-post-excerpt\">\n                        1. S\u1ed1ng th\u00ec ph\u1ea3i c\u00f3 k\u1ebf ho\u1ea1ch, m\u1ee5c ti\u00eau r\u00f5 r\u00e0ng. \u0110\u1eebng \u1eadm \u1edd th\u1ebf n\u00e0o c\u0169ng \u0111\u01b0\u1ee3c. 2. C\u00f3 k\u1ebf ho\u1ea1ch, m\u1ee5c ti\u00eau r\u1ed3i th\u00ec h\u00e0nh \u0111\u1ed9ng \u0111i. \u0110\u1eebng ch\u1ea7n ch\u1eeb, c\u0169ng \u0111\u1eebng tr\u00ec ho\u00e3n. Trong khi b\u1ea1n v\u1eabn ng\u1ed3i \u0111\u00f3 v\u00e0 suy ng\u1eabm v\u1ec1 ng\u00e0y mai th\u00ec ng\u01b0\u1eddi ta mua nh\u00e0 m\u1edbi, t\u1eadu [&hellip;]                    <\/div>\n\n                    <div class=\"gb-post-meta-row\">\n                        <div class=\"gb-post-author\"><span class=\"author-icon\"><\/span>The VibeShelf<\/div>\n\n                        <div class=\"gb-post-share\">\n                                                        <a class=\"gb-btn-fb\" href=\"https:\/\/www.facebook.com\/sharer\/sharer.php?u=https%3A%2F%2Fvibeshelf.me%2F%3Fp%3D15908\" target=\"_blank\">\n                                <span class=\"gb-icon-fb\">f<\/span> Share\n                            <\/a>\n                            <a class=\"gb-btn-li\" href=\"https:\/\/www.linkedin.com\/sharing\/share-offsite\/?url=https%3A%2F%2Fvibeshelf.me%2F%3Fp%3D15908\" target=\"_blank\">\n                                <span class=\"gb-icon-li\">in<\/span> Share\n                            <\/a>\n                        <\/div>\n                    <\/div>\n                <\/div>\n\n            <\/article>\n        \n            \n            <article class=\"gb-guestblogs-item\">\n\n                <div class=\"gb-guestblogs-col-image\">\n                    <a href=\"https:\/\/vibeshelf.me\/?p=15906\">\n                                            <\/a>\n                <\/div>\n\n                <div class=\"gb-guestblogs-col-content\">\n                    <h2 class=\"gb-post-title\">\n                        <a href=\"https:\/\/vibeshelf.me\/?p=15906\">9 \u0110I\u1ec0U V\u1ec0 NH\u00c2N T\u00ccNH TH\u1ebe TH\u00c1I \u0110\u00c1NG \u0110\u1ec2 H\u1eccC H\u1eceI \u0110\u1ec2 N\u0102M M\u1edaI TH\u1ecaNH V\u01af\u1ee2NG, HANH PH\u00daC<\/a>\n                    <\/h2>\n\n                    <div class=\"gb-post-excerpt\">\n                        D\u01b0\u1edbi \u0111\u00e2y l\u00e0 9 \u0111i\u1ec1u v\u1ec1 nh\u00e2n t\u00ecnh th\u1ebf th\u00e1i t\u1eeb ch\u1ee7 t\u1ecbch Trung Nguy\u00ean, \u0110\u1eb7ng L\u00ea Nguy\u00ean V\u0169 \u0111\u00e1ng \u0111\u1ec3 b\u1ea1n h\u1ecdc h\u1ecfi khi nh\u00ecn ng\u1eafm cu\u1ed9c \u0111\u1eddi c\u1ee7a m\u00ecnh v\u00e0 c\u1ee7a ng\u01b0\u1eddi kh\u00e1c: 1. Th\u01b0\u1eddng x\u00e9t l\u1ed7i c\u1ee7a m\u00ecnh, s\u1ebd t\u1eeb t\u1eeb qu\u00ean \u0111i l\u1ed7i l\u1ea7m c\u1ee7a ng\u01b0\u1eddi kh\u00e1c. V\u1ed1n kh\u00f4ng c\u00f3 ai [&hellip;]                    <\/div>\n\n                    <div class=\"gb-post-meta-row\">\n                        <div class=\"gb-post-author\"><span class=\"author-icon\"><\/span>The VibeShelf<\/div>\n\n                        <div class=\"gb-post-share\">\n                                                        <a class=\"gb-btn-fb\" href=\"https:\/\/www.facebook.com\/sharer\/sharer.php?u=https%3A%2F%2Fvibeshelf.me%2F%3Fp%3D15906\" target=\"_blank\">\n                                <span class=\"gb-icon-fb\">f<\/span> Share\n                            <\/a>\n                            <a class=\"gb-btn-li\" href=\"https:\/\/www.linkedin.com\/sharing\/share-offsite\/?url=https%3A%2F%2Fvibeshelf.me%2F%3Fp%3D15906\" target=\"_blank\">\n                                <span class=\"gb-icon-li\">in<\/span> Share\n                            <\/a>\n                        <\/div>\n                    <\/div>\n                <\/div>\n\n            <\/article>\n        \n            \n            <article class=\"gb-guestblogs-item\">\n\n                <div class=\"gb-guestblogs-col-image\">\n                    <a href=\"https:\/\/vibeshelf.me\/?p=15904\">\n                                            <\/a>\n                <\/div>\n\n                <div class=\"gb-guestblogs-col-content\">\n                    <h2 class=\"gb-post-title\">\n                        <a href=\"https:\/\/vibeshelf.me\/?p=15904\">NG\u01af\u1edcI THUY\u1ec0N TR\u01af\u1edeNG GI\u1eceI KH\u00d4NG \u0110\u1ebeN T\u1eea V\u00d9NG BI\u1ec2N L\u1eb6NG S\u00d3NG!<\/a>\n                    <\/h2>\n\n                    <div class=\"gb-post-excerpt\">\n                        1. \u0110\u00e3 \u0111i tr\u00ean con thuy\u1ec1n to th\u00ec ph\u1ea3i ch\u1ea5p nh\u1eadn \u0111\u1ed1i m\u1eb7t v\u1edbi nh\u1eefng con s\u00f3ng l\u1edbn. C\u0169ng gi\u1ed1ng nh\u01b0 cu\u1ed9c s\u1ed1ng, mu\u1ed1n th\u00e0nh c\u00f4ng th\u00ec ph\u1ea3i b\u01b0\u1edbc qua nh\u1eefng kh\u00f3 kh\u0103n! 2. Mu\u1ed1n c\u00e2u \u0111\u01b0\u1ee3c c\u00e1 to th\u00ec kh\u00f4ng \u0111\u01b0\u1ee3c s\u1ee3 n\u01b0\u1edbc s\u00e2u! 3. H\u00e3y lu\u00f4n nh\u1edb r\u1eb1ng: Kh\u1ea3 n\u0103ng th\u1ef1c t\u1ebf c\u1ee7a [&hellip;]                    <\/div>\n\n                    <div class=\"gb-post-meta-row\">\n                        <div class=\"gb-post-author\"><span class=\"author-icon\"><\/span>The VibeShelf<\/div>\n\n                        <div class=\"gb-post-share\">\n                                                        <a class=\"gb-btn-fb\" href=\"https:\/\/www.facebook.com\/sharer\/sharer.php?u=https%3A%2F%2Fvibeshelf.me%2F%3Fp%3D15904\" target=\"_blank\">\n                                <span class=\"gb-icon-fb\">f<\/span> Share\n                            <\/a>\n                            <a class=\"gb-btn-li\" href=\"https:\/\/www.linkedin.com\/sharing\/share-offsite\/?url=https%3A%2F%2Fvibeshelf.me%2F%3Fp%3D15904\" target=\"_blank\">\n                                <span class=\"gb-icon-li\">in<\/span> Share\n                            <\/a>\n                        <\/div>\n                    <\/div>\n                <\/div>\n\n            <\/article>\n            <\/div>\n\n    <div class=\"gb-pagination\">\n        <span aria-current=\"page\" class=\"page-numbers current\">1<\/span>\n<a class=\"page-numbers\" href=\"https:\/\/vibeshelf.me\/index.php\/?paged=2&#038;rest_route=%2Fwp%2Fv2%2Fpages%2F16140\">2<\/a>\n<a class=\"page-numbers\" href=\"https:\/\/vibeshelf.me\/index.php\/?paged=3&#038;rest_route=%2Fwp%2Fv2%2Fpages%2F16140\">3<\/a>\n<span class=\"page-numbers dots\">&hellip;<\/span>\n<a class=\"page-numbers\" href=\"https:\/\/vibeshelf.me\/index.php\/?paged=131&#038;rest_route=%2Fwp%2Fv2%2Fpages%2F16140\">131<\/a>\n<a class=\"next page-numbers\" href=\"https:\/\/vibeshelf.me\/index.php\/?paged=2&#038;rest_route=%2Fwp%2Fv2%2Fpages%2F16140\">Next \u2192<\/a>    <\/div>\n\n    \n\n\n\n<p><\/p>\n","protected":false},"excerpt":{"rendered":"","protected":false},"author":1,"featured_media":0,"parent":0,"menu_order":0,"comment_status":"closed","ping_status":"closed","template":"","meta":{"footnotes":""},"class_list":["post-16140","page","type-page","status-publish","hentry"],"_links":{"self":[{"href":"https:\/\/vibeshelf.me\/index.php?rest_route=\/wp\/v2\/pages\/16140","targetHints":{"allow":["GET"]}}],"collection":[{"href":"https:\/\/vibeshelf.me\/index.php?rest_route=\/wp\/v2\/pages"}],"about":[{"href":"https:\/\/vibeshelf.me\/index.php?rest_route=\/wp\/v2\/types\/page"}],"author":[{"embeddable":true,"href":"https:\/\/vibeshelf.me\/index.php?rest_route=\/wp\/v2\/users\/1"}],"replies":[{"embeddable":true,"href":"https:\/\/vibeshelf.me\/index.php?rest_route=%2Fwp%2Fv2%2Fcomments&post=16140"}],"version-history":[{"count":1,"href":"https:\/\/vibeshelf.me\/index.php?rest_route=\/wp\/v2\/pages\/16140\/revisions"}],"predecessor-version":[{"id":16177,"href":"https:\/\/vibeshelf.me\/index.php?rest_route=\/wp\/v2\/pages\/16140\/revisions\/16177"}],"wp:attachment":[{"href":"https:\/\/vibeshelf.me\/index.php?rest_route=%2Fwp%2Fv2%2Fmedia&parent=16140"}],"curies":[{"name":"wp","href":"https:\/\/api.w.org\/{rel}","templated":true}]}}